{"id":9,"date":"2023-04-13T15:19:38","date_gmt":"2023-04-13T13:19:38","guid":{"rendered":"https:\/\/wpg-verwaltungen.de\/?page_id=9"},"modified":"2023-04-14T20:25:20","modified_gmt":"2023-04-14T18:25:20","slug":"leistungen","status":"publish","type":"page","link":"https:\/\/wpg-verwaltungen.de\/?page_id=9","title":{"rendered":"Leistungen"},"content":{"rendered":"\n<div class=\"wp-block-cover alignfull is-light\" style=\"min-height:390px;aspect-ratio:unset;\"><span aria-hidden=\"true\" class=\"wp-block-cover__background has-nv-light-bg-background-color has-background-dim\"><\/span><img loading=\"lazy\" decoding=\"async\" width=\"2400\" height=\"1600\" class=\"wp-block-cover__image-background wp-image-33\" alt=\"\" src=\"https:\/\/wpg-verwaltungen.de\/wp-content\/uploads\/2023\/04\/passau.png\" style=\"object-position:49% 53%\" data-object-fit=\"cover\" data-object-position=\"49% 53%\" srcset=\"https:\/\/wpg-verwaltungen.de\/wp-content\/uploads\/2023\/04\/passau.png 2400w, https:\/\/wpg-verwaltungen.de\/wp-content\/uploads\/2023\/04\/passau-300x200.png 300w, https:\/\/wpg-verwaltungen.de\/wp-content\/uploads\/2023\/04\/passau-1024x683.png 1024w, https:\/\/wpg-verwaltungen.de\/wp-content\/uploads\/2023\/04\/passau-768x512.png 768w, https:\/\/wpg-verwaltungen.de\/wp-content\/uploads\/2023\/04\/passau-1536x1024.png 1536w, https:\/\/wpg-verwaltungen.de\/wp-content\/uploads\/2023\/04\/passau-2048x1365.png 2048w, https:\/\/wpg-verwaltungen.de\/wp-content\/uploads\/2023\/04\/passau-930x620.png 930w\" sizes=\"auto, (max-width: 2400px) 100vw, 2400px\" \/><div class=\"wp-block-cover__inner-container is-layout-flow wp-block-cover-is-layout-flow\">\n<div class=\"wp-block-columns is-layout-flex wp-container-core-columns-is-layout-9d6595d7 wp-block-columns-is-layout-flex\">\n<div class=\"wp-block-column is-layout-flow wp-block-column-is-layout-flow\">\n<h2 class=\"wp-block-heading has-text-align-center has-nv-dark-bg-color has-text-color\">WEG Verwaltung<\/h2>\n<\/div>\n<\/div>\n<\/div><\/div>\n\n\n\n<div style=\"height:30px\" aria-hidden=\"true\" class=\"wp-block-spacer\"><\/div>\n\n\n\n<div class=\"wp-block-cover alignwide\" style=\"min-height:838px;aspect-ratio:unset;\"><span aria-hidden=\"true\" class=\"wp-block-cover__background has-nv-text-dark-bg-background-color has-background-dim-100 has-background-dim\"><\/span><div class=\"wp-block-cover__inner-container is-layout-flow wp-block-cover-is-layout-flow\">\n<div class=\"wp-block-columns are-vertically-aligned-top is-layout-flex wp-container-core-columns-is-layout-9d6595d7 wp-block-columns-is-layout-flex\">\n<div class=\"wp-block-column is-vertically-aligned-top is-layout-flow wp-block-column-is-layout-flow\">\n<h3 class=\"wp-block-heading has-nv-dark-bg-color has-text-color\">Kaufm\u00e4nnische Verwaltung<\/h3>\n\n\n\n<ul class=\"has-nv-dark-bg-color has-text-color wp-block-list\">\n<li>Einrichtung und F\u00fchrung der Bankkonten im Namen der Eigent\u00fcmergemeinschaft<\/li>\n\n\n\n<li>Sachliche und rechnerische Pr\u00fcfung der Eingangsrechnungen<\/li>\n\n\n\n<li>\u00dcberwachung der Hausgeldzahlungen und sonstiger Schuldner der Eigent\u00fcmergemeinschaft einschlie\u00dflich Einleitung notwendiger Mahnverfahren<\/li>\n\n\n\n<li>Von \u00fcbrigen Konten der Gemeinschaft getrennte Anlage der Instandhaltungsr\u00fccklage<\/li>\n<\/ul>\n<\/div>\n\n\n\n<div class=\"wp-block-column is-vertically-aligned-top is-layout-flow wp-block-column-is-layout-flow\">\n<h3 class=\"wp-block-heading has-nv-dark-bg-color has-text-color\">Wirtschaftsplan und Jahresabrechnung<\/h3>\n\n\n\n<ul class=\"has-nv-dark-bg-color has-text-color wp-block-list\">\n<li>Aufstellen eines Gesamt- und Einzelwirtschaftsplanes gem\u00e4\u00df \u00a7 28 Abs. 1 WEG f\u00fcr den Abrechnungszeitraum und Versand an die Eigent\u00fcmer<\/li>\n\n\n\n<li>Erstellung einer ordnungsgem\u00e4\u00dfen, den gesetzlichen Vorschriften und den Vorgaben der Gemeinschaftsordnung entsprechenden Gesamt- und Einzelabrechnung<\/li>\n\n\n\n<li>Abrechnung der Heiz- Kaltwasser- und Warmwasserkosten<\/li>\n<\/ul>\n<\/div>\n<\/div>\n\n\n\n<div class=\"wp-block-columns is-layout-flex wp-container-core-columns-is-layout-9d6595d7 wp-block-columns-is-layout-flex\">\n<div class=\"wp-block-column is-vertically-aligned-center is-layout-flow wp-block-column-is-layout-flow\">\n<h3 class=\"wp-block-heading has-nv-dark-bg-color has-text-color\">Allgemeine Verwaltert\u00e4tigkeiten<\/h3>\n\n\n\n<ul class=\"has-nv-dark-bg-color has-text-color wp-block-list\">\n<li>Durchf\u00fchrung von Eigent\u00fcmerversammlungen<\/li>\n\n\n\n<li>Enge Zusammenarbeit auf Augenh\u00f6he mit dem Verwaltungsbeirat<\/li>\n\n\n\n<li>Erfassung und Pflege der Eigent\u00fcmerdaten<\/li>\n\n\n\n<li>Durchf\u00fchrung von Beschl\u00fcssen der Eigent\u00fcmergemeinschaft<\/li>\n\n\n\n<li>Einstellung, K\u00fcndigung und \u00dcberwachung von Personal f\u00fcr die Eigent\u00fcmergemeinschaft (z.B. Hausmeister, Hausreinigung, etc)<\/li>\n\n\n\n<li>Abschluss, Unterhaltung und K\u00fcndigung von Versicherungen<\/li>\n\n\n\n<li>Umsetzung beh\u00f6rdlicher Auflagen<\/li>\n\n\n\n<li>Verkehrssicherungspflicht<\/li>\n<\/ul>\n<\/div>\n\n\n\n<div class=\"wp-block-column is-layout-flow wp-block-column-is-layout-flow\">\n<h3 class=\"wp-block-heading has-nv-dark-bg-color has-text-color\">Instandhaltung und Instandsetzung<\/h3>\n\n\n\n<ul class=\"has-nv-dark-bg-color has-text-color wp-block-list\">\n<li>Abwicklung von Schadensf\u00e4llen<\/li>\n\n\n\n<li>Einholung von Kostenvoranschl\u00e4gen und Angeboten<\/li>\n\n\n\n<li>Abstimmung der Auftragsvergabe mit dem Beirat<\/li>\n\n\n\n<li>Organisation und Koordination der Durchf\u00fchrung von Arbeiten<\/li>\n\n\n\n<li>Rechnungspr\u00fcfung<\/li>\n\n\n\n<li>Geltendmachung von M\u00e4ngelbeseitigungs- und Gew\u00e4hrleistungsanspr\u00fcchen<\/li>\n\n\n\n<li>Abschluss der notwendigen Versicherungen<\/li>\n<\/ul>\n<\/div>\n<\/div>\n<\/div><\/div>\n\n\n\n<div class=\"wp-block-cover alignfull\" style=\"min-height:325px;aspect-ratio:unset;\"><span aria-hidden=\"true\" class=\"wp-block-cover__background has-nv-dark-bg-background-color has-background-dim-100 has-background-dim\"><\/span><div class=\"wp-block-cover__inner-container is-layout-flow wp-block-cover-is-layout-flow\">\n<div style=\"height:30px\" aria-hidden=\"true\" class=\"wp-block-spacer\"><\/div>\n\n\n\n<div class=\"wp-block-columns is-layout-flex wp-container-core-columns-is-layout-9d6595d7 wp-block-columns-is-layout-flex\">\n<div class=\"wp-block-column is-vertically-aligned-center is-layout-flow wp-block-column-is-layout-flow\"><div class=\"wp-block-image\">\n<figure class=\"aligncenter size-large is-resized\"><img loading=\"lazy\" decoding=\"async\" src=\"https:\/\/wpg-verwaltungen.de\/wp-content\/uploads\/2023\/04\/logo.muster.neu_-1024x576.png\" alt=\"\" class=\"wp-image-316\" width=\"256\" height=\"144\" srcset=\"https:\/\/wpg-verwaltungen.de\/wp-content\/uploads\/2023\/04\/logo.muster.neu_-1024x576.png 1024w, https:\/\/wpg-verwaltungen.de\/wp-content\/uploads\/2023\/04\/logo.muster.neu_-300x169.png 300w, https:\/\/wpg-verwaltungen.de\/wp-content\/uploads\/2023\/04\/logo.muster.neu_-768x432.png 768w, https:\/\/wpg-verwaltungen.de\/wp-content\/uploads\/2023\/04\/logo.muster.neu_-1536x864.png 1536w, https:\/\/wpg-verwaltungen.de\/wp-content\/uploads\/2023\/04\/logo.muster.neu_.png 1920w\" sizes=\"auto, (max-width: 256px) 100vw, 256px\" \/><\/figure>\n<\/div><\/div>\n\n\n\n<div class=\"wp-block-column is-layout-flow wp-block-column-is-layout-flow\">\n<h3 class=\"wp-block-heading\">Kontaktinformationen<\/h3>\n\n\n\n<ul class=\"wp-block-list\">\n<li>Am Kastenfeld 1 &#8211; 94081 F\u00fcrstenzell<\/li>\n\n\n\n<li>Telefon: 08506 \/ 922036<\/li>\n\n\n\n<li>Mobil: 0151 \/ 407 935 05<\/li>\n\n\n\n<li>E-Mail: gw@wpg-verwaltungen.de<\/li>\n<\/ul>\n<\/div>\n<\/div>\n\n\n\n<div class=\"wp-block-buttons is-content-justification-center is-layout-flex wp-container-core-buttons-is-layout-16018d1d wp-block-buttons-is-layout-flex\">\n<div class=\"wp-block-button is-style-primary\"><a class=\"wp-block-button__link wp-element-button\" href=\"https:\/\/wpg-verwaltungen.de\/?page_id=224\">Impressum<\/a><\/div>\n\n\n\n<div class=\"wp-block-button is-style-primary\"><a class=\"wp-block-button__link wp-element-button\" href=\"https:\/\/wpg-verwaltungen.de\/?page_id=3\">Datenschutzerkl\u00e4rung<\/a><\/div>\n<\/div>\n\n\n\n<div style=\"height:20px\" aria-hidden=\"true\" class=\"wp-block-spacer\"><\/div>\n<\/div><\/div>\n","protected":false},"excerpt":{"rendered":"","protected":false},"author":1,"featured_media":0,"parent":0,"menu_order":20,"comment_status":"closed","ping_status":"closed","template":"","meta":{"neve_meta_sidebar":"","neve_meta_container":"","neve_meta_enable_content_width":"on","neve_meta_content_width":100,"neve_meta_title_alignment":"","neve_meta_author_avatar":"","neve_post_elements_order":"","neve_meta_disable_header":"","neve_meta_disable_footer":"","neve_meta_disable_title":"on","footnotes":""},"class_list":["post-9","page","type-page","status-publish","hentry"],"_links":{"self":[{"href":"https:\/\/wpg-verwaltungen.de\/index.php?rest_route=\/wp\/v2\/pages\/9","targetHints":{"allow":["GET"]}}],"collection":[{"href":"https:\/\/wpg-verwaltungen.de\/index.php?rest_route=\/wp\/v2\/pages"}],"about":[{"href":"https:\/\/wpg-verwaltungen.de\/index.php?rest_route=\/wp\/v2\/types\/page"}],"author":[{"embeddable":true,"href":"https:\/\/wpg-verwaltungen.de\/index.php?rest_route=\/wp\/v2\/users\/1"}],"replies":[{"embeddable":true,"href":"https:\/\/wpg-verwaltungen.de\/index.php?rest_route=%2Fwp%2Fv2%2Fcomments&post=9"}],"version-history":[{"count":19,"href":"https:\/\/wpg-verwaltungen.de\/index.php?rest_route=\/wp\/v2\/pages\/9\/revisions"}],"predecessor-version":[{"id":339,"href":"https:\/\/wpg-verwaltungen.de\/index.php?rest_route=\/wp\/v2\/pages\/9\/revisions\/339"}],"wp:attachment":[{"href":"https:\/\/wpg-verwaltungen.de\/index.php?rest_route=%2Fwp%2Fv2%2Fmedia&parent=9"}],"curies":[{"name":"wp","href":"https:\/\/api.w.org\/{rel}","templated":true}]}}