{"id":7,"date":"2023-04-13T15:19:38","date_gmt":"2023-04-13T13:19:38","guid":{"rendered":"https:\/\/wpg-verwaltungen.de\/?page_id=7"},"modified":"2023-04-14T20:31:43","modified_gmt":"2023-04-14T18:31:43","slug":"ueber","status":"publish","type":"page","link":"https:\/\/wpg-verwaltungen.de\/?page_id=7","title":{"rendered":"\u00dcber uns"},"content":{"rendered":"\n<div class=\"wp-block-cover alignfull\" style=\"min-height:158px;aspect-ratio:unset;\"><span aria-hidden=\"true\" class=\"wp-block-cover__background has-nv-site-bg-background-color has-background-dim-100 has-background-dim\"><\/span><div class=\"wp-block-cover__inner-container is-layout-flow wp-block-cover-is-layout-flow\">\n<div class=\"wp-block-group\"><div class=\"wp-block-group__inner-container is-layout-flow wp-block-group-is-layout-flow\">\n<h1 class=\"wp-block-heading has-text-align-left has-neve-text-color-color has-text-color\">\u00dcber uns<\/h1>\n<\/div><\/div>\n<\/div><\/div>\n\n\n\n<div class=\"wp-block-cover alignfull\" style=\"min-height:600px;aspect-ratio:unset;\"><span aria-hidden=\"true\" class=\"wp-block-cover__background has-nv-light-bg-background-color has-background-dim-100 has-background-dim\"><\/span><div class=\"wp-block-cover__inner-container is-layout-flow wp-block-cover-is-layout-flow\">\n<div class=\"wp-block-group\"><div class=\"wp-block-group__inner-container is-layout-flow wp-block-group-is-layout-flow\">\n<div style=\"height:20px\" aria-hidden=\"true\" class=\"wp-block-spacer\"><\/div>\n\n\n\n<div class=\"wp-block-columns are-vertically-aligned-center is-layout-flex wp-container-core-columns-is-layout-9d6595d7 wp-block-columns-is-layout-flex\">\n<div class=\"wp-block-column is-vertically-aligned-center is-layout-flow wp-block-column-is-layout-flow\" style=\"flex-basis:50%\">\n<figure class=\"wp-block-image size-large is-resized\"><img loading=\"lazy\" decoding=\"async\" src=\"https:\/\/wpg-verwaltungen.de\/wp-content\/uploads\/2023\/04\/DSC00952-1024x988.png\" alt=\"\" class=\"wp-image-57\" width=\"485\" height=\"468\" srcset=\"https:\/\/wpg-verwaltungen.de\/wp-content\/uploads\/2023\/04\/DSC00952-1024x988.png 1024w, https:\/\/wpg-verwaltungen.de\/wp-content\/uploads\/2023\/04\/DSC00952-300x290.png 300w, https:\/\/wpg-verwaltungen.de\/wp-content\/uploads\/2023\/04\/DSC00952-768x741.png 768w, https:\/\/wpg-verwaltungen.de\/wp-content\/uploads\/2023\/04\/DSC00952-1536x1482.png 1536w, https:\/\/wpg-verwaltungen.de\/wp-content\/uploads\/2023\/04\/DSC00952-2048x1976.png 2048w\" sizes=\"auto, (max-width: 485px) 100vw, 485px\" \/><\/figure>\n<\/div>\n\n\n\n<div class=\"wp-block-column is-vertically-aligned-center is-layout-flow wp-block-column-is-layout-flow\" style=\"flex-basis:50%\">\n<h2 class=\"wp-block-heading has-neve-text-color-color has-text-color\">Pers\u00f6nlich. Zuverl\u00e4ssig. Famili\u00e4r.<\/h2>\n\n\n\n<p class=\"has-nv-dark-bg-color has-text-color\">Herzlich Willkommen bei der WPG Wohnungsbetreuung, Ihrer Immobilienverwaltung in Passau, Bad F\u00fcssing und Umgebung. <\/p>\n\n\n\n<p class=\"has-nv-dark-bg-color has-text-color\">Mein Name ist Volker Wildner. Ich bin seit 2010 in der Immobilienverwaltung t\u00e4tig und f\u00fchre die Firma seit 2020 in zweiter Generation.<\/p>\n\n\n\n<p class=\"has-nv-dark-bg-color has-text-color\">Ich bin IHK zertifizierter Immobilienverwalter und Gesch\u00e4ftsf\u00fchrer des nun seit mehr als drei\u00dfig Jahren bestehenden Familienunternehmens, der \u201eWPG Wohnungsbetreuung\u201c mit Sitz in F\u00fcrstenzell.<\/p>\n<\/div>\n<\/div>\n\n\n\n<div style=\"height:40px\" aria-hidden=\"true\" class=\"wp-block-spacer\"><\/div>\n<\/div><\/div>\n<\/div><\/div>\n\n\n\n<div class=\"wp-block-cover alignfull\" style=\"min-height:475px;aspect-ratio:unset;\"><span aria-hidden=\"true\" class=\"wp-block-cover__background has-nv-site-bg-background-color has-background-dim-100 has-background-dim\"><\/span><div class=\"wp-block-cover__inner-container is-layout-flow wp-block-cover-is-layout-flow\">\n<div style=\"height:19px\" aria-hidden=\"true\" class=\"wp-block-spacer\"><\/div>\n\n\n\n<div class=\"wp-block-columns is-layout-flex wp-container-core-columns-is-layout-9d6595d7 wp-block-columns-is-layout-flex\">\n<div class=\"wp-block-column ticss-f6fc7494 is-layout-flow wp-block-column-is-layout-flow\"><div class=\"wp-block-image icon-style is-style-rounded\">\n<figure class=\"aligncenter is-resized\"><img loading=\"lazy\" decoding=\"async\" src=\"https:\/\/wpg-verwaltungen.de\/wp-content\/themes\/neve\/assets\/img\/starter-content\/icon-03.svg\" alt=\"\" width=\"48\" height=\"48\"\/><\/figure>\n<\/div>\n\n\n<h3 class=\"wp-block-heading has-text-align-center has-neve-text-color-color has-text-color\">Erfahren<\/h3>\n\n\n\n<p class=\"has-text-align-center has-neve-text-color-color has-text-color\" style=\"font-size:15px\">Profitieren Sie von \u00fcber 30 Jahren Erfahrung in der Immobilienverwaltung.<\/p>\n\n\n\n<div style=\"height:20px\" aria-hidden=\"true\" class=\"wp-block-spacer\"><\/div>\n<\/div>\n\n\n\n<div class=\"wp-block-column ticss-4ce656f1 is-layout-flow wp-block-column-is-layout-flow\"><div class=\"wp-block-image icon-style is-style-rounded\">\n<figure class=\"aligncenter is-resized\"><img loading=\"lazy\" decoding=\"async\" src=\"https:\/\/wpg-verwaltungen.de\/wp-content\/themes\/neve\/assets\/img\/starter-content\/icon-03.svg\" alt=\"\" width=\"48\" height=\"48\"\/><\/figure>\n<\/div>\n\n\n<h3 class=\"wp-block-heading has-text-align-center has-neve-text-color-color has-text-color\">Geschult<\/h3>\n\n\n\n<p class=\"has-text-align-center has-neve-text-color-color has-text-color\" style=\"font-size:15px\">Selbstverst\u00e4ndlich ist unsere Verwaltung IHK-Zertifiziert. Das ist jedoch noch lange nicht das Ende: Das Personal wird stets geschult und weitergebildet, um sich den Herausforderungen der Zukunft weiter stellen zu k\u00f6nnen.<\/p>\n\n\n\n<div style=\"height:20px\" aria-hidden=\"true\" class=\"wp-block-spacer\"><\/div>\n<\/div>\n\n\n\n<div class=\"wp-block-column ticss-a5b4df29 is-layout-flow wp-block-column-is-layout-flow\"><div class=\"wp-block-image icon-style is-style-rounded\">\n<figure class=\"aligncenter is-resized\"><img loading=\"lazy\" decoding=\"async\" src=\"https:\/\/wpg-verwaltungen.de\/wp-content\/themes\/neve\/assets\/img\/starter-content\/icon-03.svg\" alt=\"\" width=\"48\" height=\"48\"\/><\/figure>\n<\/div>\n\n\n<h3 class=\"wp-block-heading has-text-align-center has-neve-text-color-color has-text-color\">Agil<\/h3>\n\n\n\n<p class=\"has-text-align-center has-neve-text-color-color has-text-color\" style=\"font-size:15px\">Die Zukunft der Firma ist weiterhin gesichert durch die n\u00e4chste Generation, welche stetig Neuerungen umsetzt und die Verwaltung modern gestaltet.<\/p>\n\n\n\n<div style=\"height:20px\" aria-hidden=\"true\" class=\"wp-block-spacer\"><\/div>\n<\/div>\n<\/div>\n<\/div><\/div>\n\n\n\n<div class=\"wp-block-cover alignfull\" style=\"min-height:600px;aspect-ratio:unset;\"><span aria-hidden=\"true\" class=\"wp-block-cover__background has-nv-dark-bg-background-color has-background-dim-100 has-background-dim\"><\/span><div class=\"wp-block-cover__inner-container is-layout-flow wp-block-cover-is-layout-flow\">\n<div class=\"wp-block-group\"><div class=\"wp-block-group__inner-container is-layout-flow wp-block-group-is-layout-flow\">\n<div style=\"height:80px\" aria-hidden=\"true\" class=\"wp-block-spacer\"><\/div>\n\n\n\n<div class=\"wp-block-columns is-layout-flex wp-container-core-columns-is-layout-9d6595d7 wp-block-columns-is-layout-flex\">\n<div class=\"wp-block-column is-vertically-aligned-center is-layout-flow wp-block-column-is-layout-flow\" style=\"flex-basis:50%\">\n<h2 class=\"wp-block-heading has-nv-text-dark-bg-color has-text-color\">Pers\u00f6nlicher Kontakt<\/h2>\n\n\n\n<p class=\"has-nv-text-dark-bg-color has-text-color\">Uns ist wichtig, kein \u201egesichtsloses\u201c Unternehmen zu sein \u2013 Unsere Anlagen sollen stets pers\u00f6nlich betreut werden. Da wir keinen aufgebl\u00e4hten Apparat mit unz\u00e4hligen Mitarbeitern wollen, sprechen Sie stets mit einem Verantwortlichen, der sich Zeit f\u00fcr die Verwaltung nimmt und falls notwendig auch kurzfristig vor Ort sein kann. <\/p>\n\n\n\n<p>Es ist wichtig, dass alle Handlungen nachvollziehbar, transparent und im Sinne der Gemeinschaft sind. Best\u00e4tigen k\u00f6nnen dies verschiedenste langj\u00e4hrig zufriedene Eigent\u00fcmergemeinschaften in Niederbayern.<\/p>\n\n\n\n<div style=\"height:20px\" aria-hidden=\"true\" class=\"wp-block-spacer\"><\/div>\n\n\n\n<div style=\"height:20px\" aria-hidden=\"true\" class=\"wp-block-spacer\"><\/div>\n<\/div>\n\n\n\n<div class=\"wp-block-column is-layout-flow wp-block-column-is-layout-flow\" style=\"flex-basis:50%\"><div class=\"wp-block-image\">\n<figure class=\"aligncenter size-large is-resized\"><img loading=\"lazy\" decoding=\"async\" src=\"https:\/\/wpg-verwaltungen.de\/wp-content\/uploads\/2023\/04\/handshake-1024x683.jpg\" alt=\"\" class=\"wp-image-281\" width=\"508\" height=\"338\" srcset=\"https:\/\/wpg-verwaltungen.de\/wp-content\/uploads\/2023\/04\/handshake-1024x683.jpg 1024w, https:\/\/wpg-verwaltungen.de\/wp-content\/uploads\/2023\/04\/handshake-300x200.jpg 300w, https:\/\/wpg-verwaltungen.de\/wp-content\/uploads\/2023\/04\/handshake-768x512.jpg 768w, https:\/\/wpg-verwaltungen.de\/wp-content\/uploads\/2023\/04\/handshake-1536x1024.jpg 1536w, https:\/\/wpg-verwaltungen.de\/wp-content\/uploads\/2023\/04\/handshake-930x620.jpg 930w, https:\/\/wpg-verwaltungen.de\/wp-content\/uploads\/2023\/04\/handshake.jpg 1920w\" sizes=\"auto, (max-width: 508px) 100vw, 508px\" \/><\/figure>\n<\/div><\/div>\n<\/div>\n\n\n\n<div style=\"height:40px\" aria-hidden=\"true\" class=\"wp-block-spacer\"><\/div>\n<\/div><\/div>\n<\/div><\/div>\n\n\n\n<div class=\"wp-block-cover alignfull\"><span aria-hidden=\"true\" class=\"wp-block-cover__background has-nv-text-dark-bg-background-color has-background-dim-100 has-background-dim\"><\/span><div class=\"wp-block-cover__inner-container is-layout-flow wp-block-cover-is-layout-flow\">\n<p class=\"has-text-align-center has-large-font-size\"><\/p>\n<\/div><\/div>\n\n\n\n<div class=\"wp-block-cover alignfull\" style=\"min-height:257px;aspect-ratio:unset;\"><span aria-hidden=\"true\" class=\"wp-block-cover__background has-nv-dark-bg-background-color has-background-dim-100 has-background-dim\"><\/span><div class=\"wp-block-cover__inner-container is-layout-flow wp-block-cover-is-layout-flow\">\n<div style=\"height:30px\" aria-hidden=\"true\" class=\"wp-block-spacer\"><\/div>\n\n\n\n<div class=\"wp-block-columns is-layout-flex wp-container-core-columns-is-layout-9d6595d7 wp-block-columns-is-layout-flex\">\n<div class=\"wp-block-column is-vertically-aligned-center is-layout-flow wp-block-column-is-layout-flow\"><div class=\"wp-block-image\">\n<figure class=\"aligncenter size-large is-resized\"><img loading=\"lazy\" decoding=\"async\" src=\"https:\/\/wpg-verwaltungen.de\/wp-content\/uploads\/2023\/04\/logo.muster.neu_-1024x576.png\" alt=\"\" class=\"wp-image-316\" width=\"256\" height=\"144\" srcset=\"https:\/\/wpg-verwaltungen.de\/wp-content\/uploads\/2023\/04\/logo.muster.neu_-1024x576.png 1024w, https:\/\/wpg-verwaltungen.de\/wp-content\/uploads\/2023\/04\/logo.muster.neu_-300x169.png 300w, https:\/\/wpg-verwaltungen.de\/wp-content\/uploads\/2023\/04\/logo.muster.neu_-768x432.png 768w, https:\/\/wpg-verwaltungen.de\/wp-content\/uploads\/2023\/04\/logo.muster.neu_-1536x864.png 1536w, https:\/\/wpg-verwaltungen.de\/wp-content\/uploads\/2023\/04\/logo.muster.neu_.png 1920w\" sizes=\"auto, (max-width: 256px) 100vw, 256px\" \/><\/figure>\n<\/div><\/div>\n\n\n\n<div class=\"wp-block-column is-layout-flow wp-block-column-is-layout-flow\">\n<h3 class=\"wp-block-heading\">Kontaktinformationen<\/h3>\n\n\n\n<ul class=\"wp-block-list\">\n<li>Am Kastenfeld 1 \u2013 94081 F\u00fcrstenzell<\/li>\n\n\n\n<li>Telefon: 08506 \/ 922036<\/li>\n\n\n\n<li>Mobil: 0151 \/ 407 935 05<\/li>\n\n\n\n<li>E-Mail: gw@wpg-verwaltungen.de<\/li>\n<\/ul>\n<\/div>\n<\/div>\n\n\n\n<div class=\"wp-block-buttons is-content-justification-center is-layout-flex wp-container-core-buttons-is-layout-5e6b19ed wp-block-buttons-is-layout-flex\">\n<div class=\"wp-block-button is-style-primary\"><a class=\"wp-block-button__link wp-element-button\" href=\"https:\/\/wpg-verwaltungen.de\/?page_id=224\">Impressum<\/a><\/div>\n\n\n\n<div class=\"wp-block-button is-style-primary\"><a class=\"wp-block-button__link wp-element-button\" href=\"https:\/\/wpg-verwaltungen.de\/?page_id=3\">Datenschutzerkl\u00e4rung<\/a><\/div>\n<\/div>\n\n\n\n<div style=\"height:16px\" aria-hidden=\"true\" class=\"wp-block-spacer\"><\/div>\n<\/div><\/div>\n","protected":false},"excerpt":{"rendered":"","protected":false},"author":1,"featured_media":0,"parent":0,"menu_order":30,"comment_status":"closed","ping_status":"closed","template":"","meta":{"neve_meta_sidebar":"","neve_meta_container":"","neve_meta_enable_content_width":"on","neve_meta_content_width":100,"neve_meta_title_alignment":"","neve_meta_author_avatar":"","neve_post_elements_order":"","neve_meta_disable_header":"","neve_meta_disable_footer":"","neve_meta_disable_title":"on","footnotes":""},"class_list":["post-7","page","type-page","status-publish","hentry"],"_links":{"self":[{"href":"https:\/\/wpg-verwaltungen.de\/index.php?rest_route=\/wp\/v2\/pages\/7","targetHints":{"allow":["GET"]}}],"collection":[{"href":"https:\/\/wpg-verwaltungen.de\/index.php?rest_route=\/wp\/v2\/pages"}],"about":[{"href":"https:\/\/wpg-verwaltungen.de\/index.php?rest_route=\/wp\/v2\/types\/page"}],"author":[{"embeddable":true,"href":"https:\/\/wpg-verwaltungen.de\/index.php?rest_route=\/wp\/v2\/users\/1"}],"replies":[{"embeddable":true,"href":"https:\/\/wpg-verwaltungen.de\/index.php?rest_route=%2Fwp%2Fv2%2Fcomments&post=7"}],"version-history":[{"count":25,"href":"https:\/\/wpg-verwaltungen.de\/index.php?rest_route=\/wp\/v2\/pages\/7\/revisions"}],"predecessor-version":[{"id":350,"href":"https:\/\/wpg-verwaltungen.de\/index.php?rest_route=\/wp\/v2\/pages\/7\/revisions\/350"}],"wp:attachment":[{"href":"https:\/\/wpg-verwaltungen.de\/index.php?rest_route=%2Fwp%2Fv2%2Fmedia&parent=7"}],"curies":[{"name":"wp","href":"https:\/\/api.w.org\/{rel}","templated":true}]}}