{"id":6,"date":"2023-04-13T15:19:38","date_gmt":"2023-04-13T13:19:38","guid":{"rendered":"https:\/\/wpg-verwaltungen.de\/?page_id=6"},"modified":"2023-04-14T20:29:20","modified_gmt":"2023-04-14T18:29:20","slug":"startseite","status":"publish","type":"page","link":"https:\/\/wpg-verwaltungen.de\/","title":{"rendered":"Startseite"},"content":{"rendered":"\n<div class=\"wp-block-cover alignfull is-light\" style=\"min-height:700px;aspect-ratio:unset;\"><span aria-hidden=\"true\" class=\"wp-block-cover__background has-background-dim-0 has-background-dim\"><\/span><img loading=\"lazy\" decoding=\"async\" width=\"2400\" height=\"3200\" class=\"wp-block-cover__image-background wp-image-147\" alt=\"\" src=\"https:\/\/wpg-verwaltungen.de\/wp-content\/uploads\/2023\/04\/passau4.png\" style=\"object-position:53% 30%\" data-object-fit=\"cover\" data-object-position=\"53% 30%\" srcset=\"https:\/\/wpg-verwaltungen.de\/wp-content\/uploads\/2023\/04\/passau4.png 2400w, https:\/\/wpg-verwaltungen.de\/wp-content\/uploads\/2023\/04\/passau4-225x300.png 225w, https:\/\/wpg-verwaltungen.de\/wp-content\/uploads\/2023\/04\/passau4-768x1024.png 768w, https:\/\/wpg-verwaltungen.de\/wp-content\/uploads\/2023\/04\/passau4-1152x1536.png 1152w, https:\/\/wpg-verwaltungen.de\/wp-content\/uploads\/2023\/04\/passau4-1536x2048.png 1536w\" sizes=\"auto, (max-width: 2400px) 100vw, 2400px\" \/><div class=\"wp-block-cover__inner-container is-layout-flow wp-block-cover-is-layout-flow\">\n<h1 class=\"wp-block-heading has-text-align-center has-neve-text-color-color has-text-color\">Ihre Hausverwaltung.<\/h1>\n\n\n\n<h4 class=\"wp-block-heading has-text-align-center has-neve-text-color-color has-text-color has-medium-font-size\">\u2706 0151 \/ 407 935 05 oder \u2706 08506 \/ 922 036<\/h4>\n\n\n\n<h4 class=\"wp-block-heading has-text-align-center has-neve-text-color-color has-text-color has-medium-font-size\"><mark style=\"background-color:rgba(0, 0, 0, 0)\" class=\"has-inline-color has-neve-text-color-color\">gw@wpg-verwaltungen.de<\/mark><\/h4>\n\n\n\n<div style=\"height:54px\" aria-hidden=\"true\" class=\"wp-block-spacer\"><\/div>\n\n\n\n<div style=\"height:32px\" aria-hidden=\"true\" class=\"wp-block-spacer\"><\/div>\n\n\n\n<h3 class=\"wp-block-heading has-text-align-center has-neve-text-color-color has-text-color\" style=\"font-size:35px;font-style:italic;font-weight:800\">Treten Sie jetzt mit uns in Kontakt<\/h3>\n\n\n\n<div style=\"height:80px\" aria-hidden=\"true\" class=\"wp-block-spacer\"><\/div>\n<\/div><\/div>\n\n\n\n<div style=\"height:59px\" aria-hidden=\"true\" class=\"wp-block-spacer\"><\/div>\n\n\n\n<div class=\"wp-block-columns is-layout-flex wp-container-core-columns-is-layout-9d6595d7 wp-block-columns-is-layout-flex\">\n<div class=\"wp-block-column is-layout-flow wp-block-column-is-layout-flow\"><div class=\"wp-block-image icon-style is-style-default\">\n<figure class=\"aligncenter is-resized\"><img loading=\"lazy\" decoding=\"async\" src=\"https:\/\/wpg-verwaltungen.de\/wp-content\/themes\/neve\/assets\/img\/starter-content\/icon-03.svg\" alt=\"\" width=\"48\" height=\"48\"\/><\/figure>\n<\/div>\n\n\n<h3 class=\"wp-block-heading has-text-align-center has-neve-text-color-color has-text-color\">Transparent<\/h3>\n\n\n\n<p class=\"has-text-align-center\">Unser Fokus liegt auf stets nachvollziehbaren Ma\u00dfnahmen.<\/p>\n\n\n\n<div style=\"height:20px\" aria-hidden=\"true\" class=\"wp-block-spacer\"><\/div>\n<\/div>\n\n\n\n<div class=\"wp-block-column is-layout-flow wp-block-column-is-layout-flow\"><div class=\"wp-block-image icon-style is-style-default\">\n<figure class=\"aligncenter is-resized\"><img loading=\"lazy\" decoding=\"async\" src=\"https:\/\/wpg-verwaltungen.de\/wp-content\/themes\/neve\/assets\/img\/starter-content\/icon-02.svg\" alt=\"\" width=\"48\" height=\"48\"\/><\/figure>\n<\/div>\n\n\n<h3 class=\"wp-block-heading has-text-align-center has-neve-text-color-color has-text-color\">Zuverl\u00e4ssig<\/h3>\n\n\n\n<p class=\"has-text-align-center\">Das Ziel ist jederzeit der langfristige Werterhalt der Immobilie.<\/p>\n<\/div>\n\n\n\n<div class=\"wp-block-column is-layout-flow wp-block-column-is-layout-flow\"><div class=\"wp-block-image icon-style is-style-rounded\">\n<figure class=\"aligncenter is-resized\"><img loading=\"lazy\" decoding=\"async\" src=\"https:\/\/wpg-verwaltungen.de\/wp-content\/themes\/neve\/assets\/img\/starter-content\/icon-01.svg\" alt=\"\" width=\"48\" height=\"48\"\/><\/figure>\n<\/div>\n\n\n<h3 class=\"wp-block-heading has-text-align-center has-neve-text-color-color has-text-color\">Schnell<\/h3>\n\n\n\n<p class=\"has-text-align-center\">Wir arbeiten mit Firmen aus der Umgebung, um schnellstm\u00f6glich helfen zu k\u00f6nnen.<\/p>\n\n\n\n<div style=\"height:20px\" aria-hidden=\"true\" class=\"wp-block-spacer\"><\/div>\n<\/div>\n<\/div>\n\n\n\n<div class=\"wp-block-cover alignfull\" style=\"min-height:600px;aspect-ratio:unset;\"><span aria-hidden=\"true\" class=\"wp-block-cover__background has-nv-light-bg-background-color has-background-dim-100 has-background-dim\"><\/span><div class=\"wp-block-cover__inner-container is-layout-flow wp-block-cover-is-layout-flow\">\n<div class=\"wp-block-group\"><div class=\"wp-block-group__inner-container is-layout-flow wp-block-group-is-layout-flow\">\n<div class=\"wp-block-columns are-vertically-aligned-center is-layout-flex wp-container-core-columns-is-layout-9d6595d7 wp-block-columns-is-layout-flex\">\n<div class=\"wp-block-column is-vertically-aligned-center is-layout-flow wp-block-column-is-layout-flow\" style=\"flex-basis:50%\">\n<figure class=\"wp-block-image size-large is-style-default\"><img loading=\"lazy\" decoding=\"async\" width=\"1024\" height=\"683\" src=\"https:\/\/wpg-verwaltungen.de\/wp-content\/uploads\/2023\/04\/services-1024x683.jpg\" alt=\"\" class=\"wp-image-43\" srcset=\"https:\/\/wpg-verwaltungen.de\/wp-content\/uploads\/2023\/04\/services-1024x683.jpg 1024w, https:\/\/wpg-verwaltungen.de\/wp-content\/uploads\/2023\/04\/services-300x200.jpg 300w, https:\/\/wpg-verwaltungen.de\/wp-content\/uploads\/2023\/04\/services-768x512.jpg 768w, https:\/\/wpg-verwaltungen.de\/wp-content\/uploads\/2023\/04\/services-1536x1025.jpg 1536w, https:\/\/wpg-verwaltungen.de\/wp-content\/uploads\/2023\/04\/services-930x620.jpg 930w, https:\/\/wpg-verwaltungen.de\/wp-content\/uploads\/2023\/04\/services.jpg 1920w\" sizes=\"auto, (max-width: 1024px) 100vw, 1024px\" \/><\/figure>\n<\/div>\n\n\n\n<div class=\"wp-block-column is-vertically-aligned-center is-layout-flow wp-block-column-is-layout-flow\" style=\"flex-basis:50%\">\n<div style=\"height:20px\" aria-hidden=\"true\" class=\"wp-block-spacer\"><\/div>\n\n\n\n<h2 class=\"wp-block-heading has-text-align-left has-neve-text-color-color has-text-color\">Leistungen<\/h2>\n\n\n\n<p class=\"has-text-align-left has-neve-text-color-color has-text-color\" style=\"font-size:17px\">Wir sind spezialisiert auf die Verwaltung von Wohneigentum nach dem WEG, wobei stets der Werterhalt sowie auch die Entwicklung der Immobilie im Vordergrund stehen &#8211; Ganz egal ob private Wohnung oder Gesch\u00e4ftseinheiten. Mehr&#8230;<\/p>\n\n\n\n<div class=\"wp-block-buttons is-content-justification-left is-layout-flex wp-container-core-buttons-is-layout-fdcfc74e wp-block-buttons-is-layout-flex\">\n<div class=\"wp-block-button\"><a class=\"wp-block-button__link wp-element-button\" href=\"?page_id=9\">Leistungen<\/a><\/div>\n<\/div>\n<\/div>\n<\/div>\n<\/div><\/div>\n<\/div><\/div>\n\n\n\n<div style=\"height:20px\" aria-hidden=\"true\" class=\"wp-block-spacer\"><\/div>\n\n\n\n<div class=\"wp-block-cover alignfull\" style=\"min-height:616px;aspect-ratio:unset;\"><span aria-hidden=\"true\" class=\"wp-block-cover__background has-nv-site-bg-background-color has-background-dim-100 has-background-dim\"><\/span><div class=\"wp-block-cover__inner-container is-layout-flow wp-block-cover-is-layout-flow\">\n<div class=\"wp-block-group\"><div class=\"wp-block-group__inner-container is-layout-flow wp-block-group-is-layout-flow\">\n<div class=\"wp-block-columns are-vertically-aligned-center is-layout-flex wp-container-core-columns-is-layout-9d6595d7 wp-block-columns-is-layout-flex\">\n<div class=\"wp-block-column is-vertically-aligned-center is-layout-flow wp-block-column-is-layout-flow\" style=\"flex-basis:50%\">\n<h2 class=\"wp-block-heading has-text-align-left has-neve-text-color-color has-text-color\">\u00dcber uns<\/h2>\n\n\n\n<p class=\"has-text-align-left has-neve-text-color-color has-text-color\" style=\"font-size:17px\">Mein Name ist Volker Wildner. Ich bin IHK-zertifizierter Immobilienverwalter und Gesch\u00e4ftsf\u00fchrer des seit mehr als drei\u00dfig Jahren bestehenden Familienunternehmens, der &#8222;WPG Wohnungsbetreuung&#8220;. Mehr&#8230;<\/p>\n\n\n\n<div class=\"wp-block-buttons is-content-justification-left is-layout-flex wp-container-core-buttons-is-layout-fdcfc74e wp-block-buttons-is-layout-flex\">\n<div class=\"wp-block-button is-style-primary\"><a class=\"wp-block-button__link wp-element-button\" href=\"?page_id=7\">\u00dcber uns<\/a><\/div>\n<\/div>\n\n\n\n<div style=\"height:40px\" aria-hidden=\"true\" class=\"wp-block-spacer\"><\/div>\n<\/div>\n\n\n\n<div class=\"wp-block-column is-vertically-aligned-center is-layout-flow wp-block-column-is-layout-flow\" style=\"flex-basis:50%\">\n<figure class=\"wp-block-image size-large is-resized\"><img loading=\"lazy\" decoding=\"async\" src=\"https:\/\/wpg-verwaltungen.de\/wp-content\/uploads\/2023\/04\/DSC00952-1024x988.png\" alt=\"\" class=\"wp-image-57\" width=\"410\" height=\"400\"\/><\/figure>\n<\/div>\n<\/div>\n\n\n\n<div style=\"height:40px\" aria-hidden=\"true\" class=\"wp-block-spacer\"><\/div>\n<\/div><\/div>\n<\/div><\/div>\n\n\n\n<div class=\"wp-block-cover alignfull\" style=\"min-height:300px;aspect-ratio:unset;\"><span aria-hidden=\"true\" class=\"wp-block-cover__background has-nv-dark-bg-background-color has-background-dim-100 has-background-dim\"><\/span><div class=\"wp-block-cover__inner-container is-layout-flow wp-block-cover-is-layout-flow\">\n<div style=\"height:31px\" aria-hidden=\"true\" class=\"wp-block-spacer\"><\/div>\n\n\n\n<div class=\"wp-block-columns is-layout-flex wp-container-core-columns-is-layout-9d6595d7 wp-block-columns-is-layout-flex\">\n<div class=\"wp-block-column is-vertically-aligned-center is-layout-flow wp-block-column-is-layout-flow\"><div class=\"wp-block-image\">\n<figure class=\"aligncenter size-large is-resized\"><img loading=\"lazy\" decoding=\"async\" src=\"https:\/\/wpg-verwaltungen.de\/wp-content\/uploads\/2023\/04\/logo.muster.neu_-1024x576.png\" alt=\"\" class=\"wp-image-316\" width=\"256\" height=\"144\" srcset=\"https:\/\/wpg-verwaltungen.de\/wp-content\/uploads\/2023\/04\/logo.muster.neu_-1024x576.png 1024w, https:\/\/wpg-verwaltungen.de\/wp-content\/uploads\/2023\/04\/logo.muster.neu_-300x169.png 300w, https:\/\/wpg-verwaltungen.de\/wp-content\/uploads\/2023\/04\/logo.muster.neu_-768x432.png 768w, https:\/\/wpg-verwaltungen.de\/wp-content\/uploads\/2023\/04\/logo.muster.neu_-1536x864.png 1536w, https:\/\/wpg-verwaltungen.de\/wp-content\/uploads\/2023\/04\/logo.muster.neu_.png 1920w\" sizes=\"auto, (max-width: 256px) 100vw, 256px\" \/><\/figure>\n<\/div><\/div>\n\n\n\n<div class=\"wp-block-column is-vertically-aligned-center is-layout-flow wp-block-column-is-layout-flow\">\n<h3 class=\"wp-block-heading\">Kontaktinformationen<\/h3>\n\n\n\n<ul class=\"wp-block-list\">\n<li>Am Kastenfeld 1 &#8211; 94081 F\u00fcrstenzell<\/li>\n\n\n\n<li>Telefon: 08506 \/ 922036<\/li>\n\n\n\n<li>Mobil: 0151 \/ 407 935 05<\/li>\n\n\n\n<li>E-Mail: gw@wpg-verwaltungen.de<\/li>\n<\/ul>\n<\/div>\n<\/div>\n\n\n\n<div class=\"wp-block-buttons is-content-justification-center is-layout-flex wp-container-core-buttons-is-layout-16018d1d wp-block-buttons-is-layout-flex\">\n<div class=\"wp-block-button is-style-primary\"><a class=\"wp-block-button__link wp-element-button\" href=\"https:\/\/wpg-verwaltungen.de\/?page_id=224\">  Impressum  <\/a><\/div>\n\n\n\n<div class=\"wp-block-button is-style-primary\"><a class=\"wp-block-button__link wp-element-button\" href=\"https:\/\/wpg-verwaltungen.de\/?page_id=3\">Datenschutzerkl\u00e4rung<\/a><\/div>\n<\/div>\n\n\n\n<div style=\"height:21px\" aria-hidden=\"true\" class=\"wp-block-spacer\"><\/div>\n<\/div><\/div>\n","protected":false},"excerpt":{"rendered":"<p>Transparent Unser Fokus liegt auf stets nachvollziehbaren Ma\u00dfnahmen. Zuverl\u00e4ssig Das Ziel ist jederzeit der langfristige Werterhalt der Immobilie. Schnell Wir arbeiten mit Firmen aus der Umgebung, um schnellstm\u00f6glich helfen zu k\u00f6nnen.<\/p>\n","protected":false},"author":1,"featured_media":0,"parent":0,"menu_order":10,"comment_status":"closed","ping_status":"closed","template":"","meta":{"neve_meta_sidebar":"","neve_meta_container":"","neve_meta_enable_content_width":"on","neve_meta_content_width":100,"neve_meta_title_alignment":"","neve_meta_author_avatar":"","neve_post_elements_order":"","neve_meta_disable_header":"","neve_meta_disable_footer":"","neve_meta_disable_title":"on","footnotes":""},"class_list":["post-6","page","type-page","status-publish","hentry"],"_links":{"self":[{"href":"https:\/\/wpg-verwaltungen.de\/index.php?rest_route=\/wp\/v2\/pages\/6","targetHints":{"allow":["GET"]}}],"collection":[{"href":"https:\/\/wpg-verwaltungen.de\/index.php?rest_route=\/wp\/v2\/pages"}],"about":[{"href":"https:\/\/wpg-verwaltungen.de\/index.php?rest_route=\/wp\/v2\/types\/page"}],"author":[{"embeddable":true,"href":"https:\/\/wpg-verwaltungen.de\/index.php?rest_route=\/wp\/v2\/users\/1"}],"replies":[{"embeddable":true,"href":"https:\/\/wpg-verwaltungen.de\/index.php?rest_route=%2Fwp%2Fv2%2Fcomments&post=6"}],"version-history":[{"count":123,"href":"https:\/\/wpg-verwaltungen.de\/index.php?rest_route=\/wp\/v2\/pages\/6\/revisions"}],"predecessor-version":[{"id":344,"href":"https:\/\/wpg-verwaltungen.de\/index.php?rest_route=\/wp\/v2\/pages\/6\/revisions\/344"}],"wp:attachment":[{"href":"https:\/\/wpg-verwaltungen.de\/index.php?rest_route=%2Fwp%2Fv2%2Fmedia&parent=6"}],"curies":[{"name":"wp","href":"https:\/\/api.w.org\/{rel}","templated":true}]}}