{"id":3,"date":"2023-04-13T15:10:30","date_gmt":"2023-04-13T13:10:30","guid":{"rendered":"https:\/\/wpg-verwaltungen.de\/?page_id=3"},"modified":"2023-04-14T20:27:46","modified_gmt":"2023-04-14T18:27:46","slug":"datenschutzerklaerung","status":"publish","type":"page","link":"https:\/\/wpg-verwaltungen.de\/?page_id=3","title":{"rendered":"Datenschutzerkl\u00e4rung"},"content":{"rendered":"\n<h2 class=\"wp-block-heading\">Einf\u00fchrung<\/h2>\n\n\n\n<p><strong class=\"privacy-policy-tutorial\">Betrieb der Seite: <\/strong>Es werden nach M\u00f6glichkeit keine Drittanbieter eingebunden. Das bedeutet, dass diese Seite keine nicht technisch notwendigen Cookies setzt oder Analyse-Werkzeuge verwendet. Somit sind Ihre Daten so gut wie m\u00f6glich gewahrt.<\/p>\n\n\n\n<h2 class=\"wp-block-heading\">Ansprechpartner<\/h2>\n\n\n\n<p><strong>Diese Datenschutz-Information gilt f\u00fcr die Datenverarbeitung durch:<\/strong><\/p>\n\n\n\n<p>Volker Wildner<br>Am Kastenfeld 1<br>94081 F\u00fcrstenzell<br>gw@wpg-verwaltungen.de<br><\/p>\n\n\n\n<h2 class=\"wp-block-heading\">Erhebung personenbezogener Daten<\/h2>\n\n\n\n<p>Durch den Besuch dieser Webseite werden technisch bedingt Informationen von Ihnen \u00fcbertragen. Diese k\u00f6nnten Sie wiederum identifizierbar machen. So wird durch jeden Zugriff mittels Ihres Browsers Ihre IP-Adresse (von Ihrem Provider zugewiesen) und eine Identifikation Ihres Browsers (User-Agent) \u00fcbertragen. Dieses Verhalten des Browsers k\u00f6nnen Sie leider grunds\u00e4tzlich nicht verhinden und sind f\u00fcr die Kommunikation innerhalb des Internets unabdingbar. Ich kann Ihnen aber versichern, dass diese Informationen auf dieser Seite sensibel und nur Ihren Interessen entsprechend verwende. Aus diesem Grund werden keine statistischen Auswertungen oder Analysen, auch nicht zu Werbezwecken, durchgef\u00fchrt. Diese Informationen werden gem\u00e4ss den gesetzlichen Anforderungen nur zweckdienlich zur Aufrechterhaltung des Dienstes verwendet. Sobald dieser Zweck erf\u00fcllt wurde, werden die Daten umgehend und automtisiert wieder gel\u00f6scht. Folgende Daten werden zu diesem Zweck erfasst und f\u00fcr <em>maximal 30 Tage<\/em> auf dem Server gespeichert:<\/p>\n\n\n\n<ul class=\"wp-block-list\">\n<li>Die aufgerufene Domain<\/li>\n\n\n\n<li>Die IP-Adresse des anfragenden Rechners<\/li>\n\n\n\n<li>Datum und Ihrzeit des Zugriffs<\/li>\n\n\n\n<li>Art der Anfrage<\/li>\n\n\n\n<li>Quelle des Zugriffs<\/li>\n\n\n\n<li>Verwendeter Browser und ggf. das Betriebssystem des anfragenden Rechners<\/li>\n<\/ul>\n\n\n\n<p>Abgesehen von den genannten Informationen werden <em>keine personenbezogenen Daten<\/em> gespeichert.<\/p>\n\n\n\n<p>Diese Daten werden zu folgenden Zwecken verarbeitet:<\/p>\n\n\n\n<ul class=\"wp-block-list\">\n<li>Gew\u00e4hrleistung der Verf\u00fcgbarkeit und Daten\u00fcbertragen von der Webseite<\/li>\n\n\n\n<li>Erkennung und Blockierung von Angriffen<\/li>\n\n\n\n<li>Auswertung zur Stabilit\u00e4t und Erreichbarkeit des Systems<\/li>\n\n\n\n<li>Zu administrativen Zwecken (z.B. Identifikation von verwaisten Links)<\/li>\n<\/ul>\n\n\n\n<p>Rechtsgrundlage f\u00fcr die Datenverarbeitung ist Art. 6 Abs. 1 lit. f DSGVO. Das berechtigte Interesse folgt aus oben aufgelisteten Zwecken zur Datenerhebung. Ein R\u00fcckschluss der zur Verf\u00fcgung stehenden Daten zu Ihrer Person ist f\u00fcr uns nicht m\u00f6glich.<\/p>\n\n\n\n<h2 class=\"wp-block-heading\">Datensicherheit<\/h2>\n\n\n\n<p>Die gesamte Datenverarbeitung dieses Dienstes erfolgt auf einem Server, welcher durch die Firma &#8222;Hetzner&#8220; zur Verf\u00fcgung gestellt wird. <\/p>\n\n\n\n<p>Die Daten\u00fcbertragung zwischen Browser und Server ist \u00fcber das verbreitete TLS-Verfahren mit der jeweils h\u00f6chsten, von Ihrem Browser unterst\u00fctzen Verschl\u00fcsselungsstufe abgesichert.<\/p>\n\n\n\n<p>Im \u00fcbrigen werden geeignete technische und organisatorische Sicherheitsmassnahmen verwendet, um Ihre Daten gegen\u00fcber zuf\u00e4lligen oder vors\u00e4tzlichen Manipulationen (Verlust, Zerst\u00f6rung oder Zugriff Dritter) zu sch\u00fctzen. Hierzu wurden m\u00f6glichst viele zum aktuellen Zeitpunkt geltenden Hinweise, Best practises und Schutzhinweise der IT-Branche ergriffen, um ein Kompromittieren des Servers erheblich zu erschweren. Diese Massnahmen werden laufend mit neuen Erkenntnissen verbessert und beinhalten aktuell unter Anderem:<\/p>\n\n\n\n<ul class=\"wp-block-list\">\n<li>Verschl\u00fcsselte Erreichbarkeit via HTTPS auf Basis moderner Cipher-Suites (TLS 1.3 \/ TLS 1.2 mit AEAD, PFS und 256-Bit-ECDSA-Zertifikat)<\/li>\n\n\n\n<li>Verzicht von technisch nicht notwendigen Cookies<\/li>\n\n\n\n<li>Keine Einbindung von Ressourcen aus (unsicheren) Drittquellen<\/li>\n\n\n\n<li>Geh\u00e4rtetes GNU\/Linux-System auf Basis von Ubuntu 22.04<\/li>\n\n\n\n<li>Moderne Sicherheitsfeatures wie DNSSEC, OCSP-Stapling und CAA<\/li>\n\n\n\n<li>Einsatz aktueller HTTP-Security-Header wie HSTS, Expect-CT und Referrer-Policy<\/li>\n\n\n\n<li>Administrativer Zugriff nur Mittels SSH-Schl\u00fcssel<\/li>\n\n\n\n<li>Voll verschl\u00fcsselte Festplatten<\/li>\n\n\n\n<li>Schutz gegen Verlust von Daten mittels ZFS und periodischen Backups<\/li>\n\n\n\n<li>Installation von Sicherheitsupdates innert weniger Stunden<\/li>\n\n\n\n<li>Abschottung aller Dienste gegeneinander mittels Container<\/li>\n<\/ul>\n\n\n\n<p>Das Sicherheitsniveau dieser Webseite kann beim <a rel=\"noreferrer noopener\" href=\"https:\/\/www.ssllabs.com\/ssltest\/analyze.html?d=fraho.eu\" target=\"_blank\">Qualys SSL Labs<\/a> gepr\u00fcft werden.<\/p>\n\n\n\n<h2 class=\"wp-block-heading\">Aktualit\u00e4t der Datenschutzhinweise<\/h2>\n\n\n\n<p>Diese Datenschutzhinweise sind aktuell g\u00fcltig und haben den Stand April 2023.<\/p>\n\n\n\n<p>Durch die Weiterentwicklung der Webseite oder auf Grund ge\u00e4nderter gesetzlicher Anforderungen kann es notwendig werden, diese Datenschutzhinweise anzupassen. Die jeweils aktuellen und g\u00fcltigen Datenschutzhinweise k\u00f6nnen jederzeit unter dem Link eingesehen werden.<\/p>\n\n\n\n<h2 class=\"wp-block-heading\">Adressverarbeitung<\/h2>\n\n\n\n<p>Alle die auf dieser Webseite angegebenen Kontaktinformationen dienen ausdr\u00fccklich nur zu Informationszwecken bzw. zur Kontaktaufnahme. Sie d\u00fcrfen insbesondere nicht f\u00fcr die Zusendung von Werbung, Spam und \u00e4hnliches genutzt werden. Einer werblichen Nutzung dieser Daten wird deshalb hiermit widersprochen. Sollten diese Informationen dennoch zu den vorstehend genannten Zwecken genutzt werden, behalten wir uns etwaige rechtliche Schritte vor.<\/p>\n\n\n\n<div class=\"wp-block-buttons is-content-justification-center is-layout-flex wp-container-core-buttons-is-layout-16018d1d wp-block-buttons-is-layout-flex\">\n<div class=\"wp-block-button is-style-primary\"><a class=\"wp-block-button__link has-text-align-center wp-element-button\" href=\"https:\/\/wpg-verwaltungen.de\/\">Zur Startseite<\/a><\/div>\n<\/div>\n","protected":false},"excerpt":{"rendered":"<p>Einf\u00fchrung Betrieb der Seite: Es werden nach M\u00f6glichkeit keine Drittanbieter eingebunden. Das bedeutet, dass diese Seite keine nicht technisch notwendigen Cookies setzt oder Analyse-Werkzeuge verwendet. Somit sind Ihre Daten so gut wie m\u00f6glich gewahrt. Ansprechpartner Diese Datenschutz-Information gilt f\u00fcr die Datenverarbeitung durch: Volker WildnerAm Kastenfeld 194081 F\u00fcrstenzellgw@wpg-verwaltungen.de Erhebung personenbezogener Daten Durch den Besuch dieser Webseite&hellip;&nbsp;<a href=\"https:\/\/wpg-verwaltungen.de\/?page_id=3\" class=\"\" rel=\"bookmark\">Weiterlesen &raquo;<span class=\"screen-reader-text\">Datenschutzerkl\u00e4rung<\/span><\/a><\/p>\n","protected":false},"author":1,"featured_media":0,"parent":0,"menu_order":60,"comment_status":"closed","ping_status":"closed","template":"","meta":{"neve_meta_sidebar":"","neve_meta_container":"","neve_meta_enable_content_width":"","neve_meta_content_width":0,"neve_meta_title_alignment":"","neve_meta_author_avatar":"","neve_post_elements_order":"","neve_meta_disable_header":"","neve_meta_disable_footer":"","neve_meta_disable_title":"","footnotes":""},"class_list":["post-3","page","type-page","status-publish","hentry"],"_links":{"self":[{"href":"https:\/\/wpg-verwaltungen.de\/index.php?rest_route=\/wp\/v2\/pages\/3","targetHints":{"allow":["GET"]}}],"collection":[{"href":"https:\/\/wpg-verwaltungen.de\/index.php?rest_route=\/wp\/v2\/pages"}],"about":[{"href":"https:\/\/wpg-verwaltungen.de\/index.php?rest_route=\/wp\/v2\/types\/page"}],"author":[{"embeddable":true,"href":"https:\/\/wpg-verwaltungen.de\/index.php?rest_route=\/wp\/v2\/users\/1"}],"replies":[{"embeddable":true,"href":"https:\/\/wpg-verwaltungen.de\/index.php?rest_route=%2Fwp%2Fv2%2Fcomments&post=3"}],"version-history":[{"count":2,"href":"https:\/\/wpg-verwaltungen.de\/index.php?rest_route=\/wp\/v2\/pages\/3\/revisions"}],"predecessor-version":[{"id":342,"href":"https:\/\/wpg-verwaltungen.de\/index.php?rest_route=\/wp\/v2\/pages\/3\/revisions\/342"}],"wp:attachment":[{"href":"https:\/\/wpg-verwaltungen.de\/index.php?rest_route=%2Fwp%2Fv2%2Fmedia&parent=3"}],"curies":[{"name":"wp","href":"https:\/\/api.w.org\/{rel}","templated":true}]}}